{"id":4,"date":"2017-05-30T09:07:49","date_gmt":"2017-05-30T09:07:49","guid":{"rendered":"http:\/\/klimatyzacjakrakow.com.pl\/?page_id=4"},"modified":"2018-01-26T09:49:39","modified_gmt":"2018-01-26T09:49:39","slug":"glowna","status":"publish","type":"page","link":"https:\/\/budujmadrze.pl\/","title":{"rendered":"G\u0142\u00f3wna"},"content":{"rendered":"[vc_row fullwidth=&#8221;true&#8221; padding=&#8221;1&#8243;][vc_column css=&#8221;.vc_custom_1439311817810{margin-right: 0px !important;margin-left: 0px !important;border-right-width: 0px !important;border-left-width: 0px !important;padding-right: 0px !important;padding-left: 0px !important;background-position: 0 0 !important;background-repeat: no-repeat !important;border-left-style: none !important;border-right-style: none !important;}&#8221;][mk_edge_slider first_el=&#8221;true&#8221; swiper_bg=&#8221;#ffffff&#8221; full_height=&#8221;false&#8221; height=&#8221;728&#8243; animation_speed=&#8221;100&#8243; slideshow_speed=&#8221;20000&#8243; direction_nav=&#8221;thumbflip&#8221; pagination=&#8221;none&#8221;][\/vc_column][\/vc_row][vc_row fullwidth=&#8221;true&#8221; fullwidth_content=&#8221;false&#8221; css=&#8221;.vc_custom_1497000968694{padding-top: 50px !important;padding-right: 0px !important;padding-bottom: 50px !important;padding-left: 0px !important;background-color: #e8e8e8 !important;}&#8221;][vc_column width=&#8221;1\/3&#8243;][mk_milestone icon=&#8221;mk-moon-home-6&#8243; icon_size=&#8221;large&#8221; stop=&#8221;200&#8243; text=&#8221;Oko\u0142o 200 wybudowanych dom\u00f3w wed\u0142ug naszych projekt\u00f3w&#8221; font_family=&#8221;none&#8221;][\/vc_column][vc_column width=&#8221;1\/3&#8243;][mk_milestone icon=&#8221;mk-li-users&#8221; icon_size=&#8221;large&#8221; stop=&#8221;1000&#8243; speed=&#8221;1060&#8243; text=&#8221;Ponad 1000 godzin sp\u0119dzonych z klientami na rozmowach o ich domu&#8221; font_family=&#8221;none&#8221;][\/vc_column][vc_column width=&#8221;1\/3&#8243;][mk_milestone icon=&#8221;mk-li-money&#8221; icon_size=&#8221;large&#8221; stop=&#8221;8&#8243; text=&#8221;Ponad 8 milion\u00f3w z\u0142 zaoszcz\u0119dzili klienci buduj\u0105c swoje domy&#8221; font_family=&#8221;none&#8221;][\/vc_column][\/vc_row][vc_row fullwidth=&#8221;true&#8221; fullwidth_content=&#8221;false&#8221; css=&#8221;.vc_custom_1496921803499{background-color: #ffffff !important;}&#8221;][vc_column][vc_empty_space][vc_custom_heading text=&#8221;Na czym polega akcja Buduj M\u0105drze?&#8221; use_theme_fonts=&#8221;yes&#8221; css_animation=&#8221;bounceInLeft&#8221;][vc_empty_space][vc_column_text]<img decoding=\"async\" loading=\"lazy\" class=\"size-medium wp-image-260 alignright\" src=\"http:\/\/klimatyzacjakrakow.com.pl\/wp-content\/uploads\/2017\/05\/mapka-300x227.jpg\" alt=\"\" width=\"300\" height=\"227\" srcset=\"https:\/\/budujmadrze.pl\/wp-content\/uploads\/2017\/05\/mapka-300x227.jpg 300w, https:\/\/budujmadrze.pl\/wp-content\/uploads\/2017\/05\/mapka.jpg 500w\" sizes=\"(max-width: 300px) 100vw, 300px\" \/>Celem akcji \u201eBuduj m\u0105drze\u201d jest propagowanie m\u0105drego zainwestowania w realizacj\u0119 marzenia o posiadaniu w\u0142asnego domu.\u00a0Chcemy, by akcja sta\u0142a si\u0119 drogowskazem i inspiracj\u0105 do budowania. Zach\u0119camy Was do odrzucenia tzw. \u201egotowych projekt\u00f3w\u201d, bo nie ma nic bardziej b\u0142\u0119dnego ni\u017c wiara w tzw. tanie i \u0142atwe budowanie z \u201egotowymi projektami\u201d. Bowiem dop\u00f3ki nie ma konkretu dzia\u0142ki, dop\u00f3ty projekt nie jest gotowy.<\/p>\n<p>W tej edycji akcji rozprawiamy si\u0119 z lobby najwi\u0119kszych portali sprzedaj\u0105cych gotowe projekty i pokazujemy jak nie wyrzuca\u0107 pieni\u0119dzy w b\u0142oto. Z punktu widzenia profesjonalnego projektanta najwa\u017cniejsze jest przedstawienie klientowi rzetelnej i obiektywnej informacji. Zw\u0142aszcza , \u017ce inwestycja w dom to cz\u0119sto najwa\u017cniejszy \u017cyciowy projekt i zazwyczaj najbardziej kosztowny.[\/vc_column_text][vc_empty_space height=&#8221;52px&#8221;][\/vc_column][\/vc_row][vc_row fullwidth=&#8221;true&#8221; fullwidth_content=&#8221;false&#8221; css=&#8221;.vc_custom_1496921867530{background-color: #ededed !important;}&#8221;][vc_column][vc_empty_space][vc_custom_heading text=&#8221;\u201eBuduj M\u0105drze\u201d gwarantuje zdobycie wszelkich pozwole\u0144 zwi\u0105zanych z Twoj\u0105 inwestycj\u0105!&#8221; use_theme_fonts=&#8221;yes&#8221; css_animation=&#8221;bounceInLeft&#8221;][vc_empty_space][vc_column_text]<img decoding=\"async\" loading=\"lazy\" class=\"size-full wp-image-258 alignleft\" src=\"http:\/\/budujmadrze.pl\/wp-content\/uploads\/2017\/05\/postacbudman.png\" alt=\"\" width=\"200\" height=\"172\" \/>Wszelkie zezwolenia, uzgodnienia, koncesje, decyzje i postanowienia formalne zostaw nam. Jedyne co musisz zrobi\u0107, to na pocz\u0105tku przekaza\u0107 nam upowa\u017cnienie do reprezentowania Ciebie przed instytucjami i urz\u0119dami.<\/p>\n<p>Od tego momentu \u201ekarczowanie d\u017cungli budowlanych przepis\u00f3w ojczystej biurokracji\u201d bierzemy na siebie. Twoje zadania ograniczaj\u0105 si\u0119 do z\u0142o\u017cenia podpis\u00f3w na niekt\u00f3rych dokumentach.[\/vc_column_text][vc_empty_space][\/vc_column][\/vc_row][vc_row fullwidth=&#8221;true&#8221;][vc_column][mk_portfolio image_size=&#8221;full&#8221; excerpt_length=&#8221;0&#8243; zoom_icon=&#8221;false&#8221; count=&#8221;6&#8243; sortable=&#8221;false&#8221; pagination=&#8221;false&#8221;][\/vc_column][\/vc_row][vc_row][vc_column][vc_empty_space][vc_custom_heading text=&#8221;Opinie klient\u00f3w&#8221; use_theme_fonts=&#8221;yes&#8221; css_animation=&#8221;bounceInLeft&#8221;][mk_testimonials style=&#8221;boxed&#8221; font_size=&#8221;16&#8243; font_weight=&#8221;400&#8243;][\/vc_column][\/vc_row]\n","protected":false},"excerpt":{"rendered":"<p>[vc_row fullwidth=&#8221;true&#8221; padding=&#8221;1&#8243;][vc_column css=&#8221;.vc_custom_1439311817810{margin-right: 0px !important;margin-left: 0px !important;border-right-width: 0px !important;border-left-width: 0px !important;padding-right: 0px !important;padding-left: 0px !important;background-position: 0 0 !important;background-repeat: no-repeat !important;border-left-style: none !important;border-right-style: none !important;}&#8221;][mk_edge_slider first_el=&#8221;true&#8221; swiper_bg=&#8221;#ffffff&#8221; full_height=&#8221;false&#8221; height=&#8221;728&#8243; animation_speed=&#8221;100&#8243; slideshow_speed=&#8221;20000&#8243; direction_nav=&#8221;thumbflip&#8221; pagination=&#8221;none&#8221;][\/vc_column][\/vc_row][vc_row fullwidth=&#8221;true&#8221; fullwidth_content=&#8221;false&#8221; css=&#8221;.vc_custom_1497000968694{padding-top: 50px !important;padding-right: 0px !important;padding-bottom: 50px !important;padding-left: 0px !important;background-color: #e8e8e8 !important;}&#8221;][vc_column width=&#8221;1\/3&#8243;][mk_milestone icon=&#8221;mk-moon-home-6&#8243; icon_size=&#8221;large&#8221; stop=&#8221;200&#8243; text=&#8221;Oko\u0142o 200 wybudowanych dom\u00f3w wed\u0142ug [&hellip;]<\/p>\n","protected":false},"author":1,"featured_media":0,"parent":0,"menu_order":0,"comment_status":"closed","ping_status":"closed","template":"","meta":[],"_links":{"self":[{"href":"https:\/\/budujmadrze.pl\/index.php?rest_route=\/wp\/v2\/pages\/4"}],"collection":[{"href":"https:\/\/budujmadrze.pl\/index.php?rest_route=\/wp\/v2\/pages"}],"about":[{"href":"https:\/\/budujmadrze.pl\/index.php?rest_route=\/wp\/v2\/types\/page"}],"author":[{"embeddable":true,"href":"https:\/\/budujmadrze.pl\/index.php?rest_route=\/wp\/v2\/users\/1"}],"replies":[{"embeddable":true,"href":"https:\/\/budujmadrze.pl\/index.php?rest_route=%2Fwp%2Fv2%2Fcomments&post=4"}],"version-history":[{"count":53,"href":"https:\/\/budujmadrze.pl\/index.php?rest_route=\/wp\/v2\/pages\/4\/revisions"}],"predecessor-version":[{"id":534,"href":"https:\/\/budujmadrze.pl\/index.php?rest_route=\/wp\/v2\/pages\/4\/revisions\/534"}],"wp:attachment":[{"href":"https:\/\/budujmadrze.pl\/index.php?rest_route=%2Fwp%2Fv2%2Fmedia&parent=4"}],"curies":[{"name":"wp","href":"https:\/\/api.w.org\/{rel}","templated":true}]}}