{"id":387,"date":"2017-06-12T09:25:09","date_gmt":"2017-06-12T09:25:09","guid":{"rendered":"http:\/\/klimatyzacjakrakow.com.pl\/?page_id=387"},"modified":"2018-01-26T11:28:13","modified_gmt":"2018-01-26T11:28:13","slug":"projekt-domy-nowoczesnego","status":"publish","type":"page","link":"https:\/\/budujmadrze.pl\/?page_id=387","title":{"rendered":"Projekt domy nowoczesnego"},"content":{"rendered":"[vc_row css=&#8221;.vc_custom_1497260041686{padding-bottom: 50px !important;}&#8221;][vc_column][vc_custom_heading text=&#8221;Chcesz wprowadzi\u0107 najnowocze\u015bniejsze rozwi\u0105zania energooszcz\u0119dne i ekologiczne, kt\u00f3re pozwala Ci zaoszcz\u0119dzi\u0107 du\u017ce pieni\u0105dze przy budowie i eksploatacji budynku?&#8221; use_theme_fonts=&#8221;yes&#8221;][\/vc_column][\/vc_row][vc_row full_width=&#8221;stretch_row&#8221; css=&#8221;.vc_custom_1447852431308{padding-bottom: 10px !important;}&#8221;][vc_column width=&#8221;1\/2&#8243;][vc_column_text]<img decoding=\"async\" loading=\"lazy\" class=\"alignnone size-thumbnail wp-image-529 alignleft\" src=\"http:\/\/budujmadrze.pl\/wp-content\/uploads\/2017\/06\/orenowiczmin-150x150.jpg\" alt=\"\" width=\"150\" height=\"150\" srcset=\"https:\/\/budujmadrze.pl\/wp-content\/uploads\/2017\/06\/orenowiczmin-150x150.jpg 150w, https:\/\/budujmadrze.pl\/wp-content\/uploads\/2017\/06\/orenowiczmin.jpg 300w, https:\/\/budujmadrze.pl\/wp-content\/uploads\/2017\/06\/orenowiczmin-1024x1024.jpg 1024w\" sizes=\"(max-width: 150px) 100vw, 150px\" \/>Witaj,<\/p>\n<p style=\"text-align: justify;\">Dzisiaj wiele os\u00f3b m\u00f3wi stanowcze NIE! dystrybutorom i sprzedawcom energii. W\u015br\u00f3d naszych klient\u00f3w s\u0142yszymy coraz wyra\u017aniejszy i bardziej \u015bwiadomy g\u0142os: nie chcemy p\u0142aci\u0107 firmom kt\u00f3re maj\u0105 monopol na sprzeda\u017c energii i nie szanuj\u0105 nas jako Klient\u00f3w.<\/p>\n<p style=\"text-align: justify;\">Coraz wi\u0119cej ludzi chce postawi\u0107 na alternatywne \u017ar\u00f3d\u0142a energii. Wyros\u0142o nowe pokolenie Klient\u00f3w, kt\u00f3re chce budowa\u0107 domy w szacunku do ekologii. Ci ludzie wiedz\u0105, \u017ce ekologiczne rozwi\u0105zania s\u0105 w d\u0142u\u017cszej perspektywie ta\u0144sze. Je\u015bli pomo\u017cesz naturze i skorzystasz z niej m\u0105drze, natura pomo\u017ce Tobie. Ekologiczne i energooszcz\u0119dne rozwi\u0105zania s\u0105 dzi\u015b dost\u0119pne dla wszystkich.<\/p>\n[\/vc_column_text][\/vc_column][vc_column width=&#8221;1\/2&#8243;][vc_raw_js]JTNDc2NyaXB0JTIwdHlwZSUzRCUyMnRleHQlMkZqYXZhc2NyaXB0JTIyJTIwc3JjJTNEJTIyaHR0cHMlM0ElMkYlMkZmb3JtLmpvdGZvcm1ldS5jb20lMkZqc2Zvcm0lMkY4MDI1MjY0ODY2NDM2MSUyMiUzRSUzQyUyRnNjcmlwdCUzRQ==[\/vc_raw_js][\/vc_column][\/vc_row][vc_row fullwidth=&#8221;true&#8221; fullwidth_content=&#8221;false&#8221; full_width=&#8221;stretch_row&#8221; css=&#8221;.vc_custom_1497259753047{padding-top: 70px !important;padding-bottom: 50px !important;background-color: #f2f2f2 !important;}&#8221;][vc_column][vc_video link=&#8221;https:\/\/vimeo.com\/141592496&#8243;][\/vc_column][\/vc_row][vc_row css=&#8221;.vc_custom_1497260702154{padding-top: 50px !important;padding-bottom: 50px !important;}&#8221;][vc_column][vc_custom_heading text=&#8221;Co to jest inteligentna oszcz\u0119dno\u015b\u0107 w projektowaniu i budowaniu?&#8221; use_theme_fonts=&#8221;yes&#8221;][vc_empty_space][vc_column_text]Inteligentna oszcz\u0119dno\u015b\u0107 to skorzystanie z \u0142atwo dzi\u015b dost\u0119pnych rozwi\u0105za\u0144 energooszcz\u0119dnych materia\u0142owych, formalnych i technicznych. Kiedy\u015b inwestowanie w energooszcz\u0119dno\u015b\u0107 nie op\u0142aca\u0142o si\u0119 tak bardzo jak teraz i \u0142atwo by\u0142o przeinwestowa\u0107.<\/p>\n<p>Dzi\u015b technologia posz\u0142a do przodu, a ceny spad\u0142y nawet do 300%! To, co dekad\u0119 temu by\u0142o luksusem, dzi\u015b wydaje si\u0119 konieczno\u015bci\u0105. Dzi\u015b rozwi\u0105zania energooszcz\u0119dne s\u0105 dost\u0119pne dla ka\u017cdego buduj\u0105cego dom, wi\u0119c trzeba to m\u0105drze wykorzysta\u0107.<\/p>\n[\/vc_column_text][\/vc_column][\/vc_row][vc_row fullwidth=&#8221;true&#8221; fullwidth_content=&#8221;false&#8221; css=&#8221;.vc_custom_1497000968694{padding-top: 50px !important;padding-right: 0px !important;padding-bottom: 50px !important;padding-left: 0px !important;background-color: #e8e8e8 !important;}&#8221;][vc_column][vc_custom_heading text=&#8221;Buduj M\u0105drze w liczbach:&#8221; use_theme_fonts=&#8221;yes&#8221;][\/vc_column][\/vc_row][vc_row fullwidth=&#8221;true&#8221; fullwidth_content=&#8221;false&#8221; css=&#8221;.vc_custom_1497003966210{padding-top: 0px !important;padding-right: 0px !important;padding-bottom: 50px !important;padding-left: 0px !important;background-color: #e8e8e8 !important;}&#8221;][vc_column width=&#8221;1\/3&#8243;][mk_milestone icon=&#8221;mk-moon-home-6&#8243; icon_size=&#8221;large&#8221; stop=&#8221;200&#8243; text=&#8221;Oko\u0142o 200 wybudowanych dom\u00f3w wed\u0142ug naszych projekt\u00f3w&#8221; font_family=&#8221;none&#8221;][\/vc_column][vc_column width=&#8221;1\/3&#8243;][mk_milestone icon=&#8221;mk-li-users&#8221; icon_size=&#8221;large&#8221; stop=&#8221;1000&#8243; speed=&#8221;1060&#8243; text=&#8221;Ponad 1000 godzin sp\u0119dzonych z klientami na rozmowach o ich domu&#8221; font_family=&#8221;none&#8221;][\/vc_column][vc_column width=&#8221;1\/3&#8243;][mk_milestone icon=&#8221;mk-li-money&#8221; icon_size=&#8221;large&#8221; stop=&#8221;8&#8243; text=&#8221;Ponad 8 milion\u00f3w z\u0142 zaoszcz\u0119dzili klienci buduj\u0105c swoje domy&#8221; font_family=&#8221;none&#8221;][\/vc_column][\/vc_row][vc_row fullwidth=&#8221;true&#8221; fullwidth_content=&#8221;false&#8221; full_width=&#8221;stretch_row&#8221; css=&#8221;.vc_custom_1497261109053{padding-top: 50px !important;padding-bottom: 50px !important;background-color: #f2f2f2 !important;}&#8221;][vc_column][vc_column_text]\n<h2 style=\"text-align: center;\"><span style=\"color: #002654;\">&#8222;Buduj M\u0105drze&#8221; gwarantuje zdobycie wszelkich pozwole\u0144 zwi\u0105zanych z Twoj\u0105 inwestycj\u0105!<\/span><\/h2>\n<p style=\"text-align: justify;\"><img decoding=\"async\" loading=\"lazy\" class=\"size-full wp-image-929 alignleft\" style=\"border: 0px;\" title=\"postacbudman\" src=\"http:\/\/www.budujmadrze.pl\/wp-content\/uploads\/2012\/09\/postacbudman.png\" alt=\"\" width=\"200\" height=\"172\" \/>Wszelkie zezwolenia, uzgodnienia, koncesje, decyzje i postanowienia formalne zostaw nam. Jedyne co musisz zrobi\u0107, to na pocz\u0105tku przekaza\u0107 nam upowa\u017cnienie do reprezentowania Ciebie przed instytucjami i urz\u0119dami.<\/p>\n<p style=\"text-align: justify;\">Od tego momentu \u201ekarczowanie d\u017cungli budowlanych przepis\u00f3w ojczystej biurokracji\u201d bierzemy na siebie. Twoje zadania ograniczaj\u0105 si\u0119 do z\u0142o\u017cenia podpis\u00f3w na niekt\u00f3rych dokumentach.<\/p>\n<h2 style=\"text-align: center;\"><span style=\"color: #002654;\">Zapraszamy na niezobowi\u0105zuj\u0105ce spotkanie pod has\u0142em&#8221;Buduj M\u0105drze&#8221;<\/span><\/h2>\n<p style=\"text-align: center;\">P.s Je\u015bli nie chcesz do\u015bwiadczy\u0107 serii rozczarowa\u0144 i \u017ca\u0142owa\u0107, \u017ce nie por\u00f3wna\u0142e\u015b wcze\u015bniej wielu dost\u0119pnych opcji, zapraszamy Ci\u0119 na specjalny cykl indywidualnych spotka\u0144 pod has\u0142em \u201eBuduj M\u0105drze od A do Z.\u201d. Spotkania odbywaj\u0105 si\u0119 w naszym biurze w Rudzie \u015al\u0105skiej i maj\u0105 charakter indywidualny( spotkania s\u0105 niezobowi\u0105zuj\u0105ce i bezp\u0142atne).<\/p>\n<p style=\"text-align: center;\">P.P.s \u00a0Aby zapisa\u0107 si\u0119 teraz na spotkanie zadzwo\u0144 pod numer podany poni\u017cej lub skorzystaj z formularza znajduj\u0105cego si\u0119 po prawej stronie.<\/p>\n[\/vc_column_text][\/vc_column][\/vc_row][vc_row fullwidth=&#8221;true&#8221; fullwidth_content=&#8221;false&#8221; full_width=&#8221;stretch_row&#8221; css=&#8221;.vc_custom_1497003630776{padding-top: 50px !important;padding-bottom: 30px !important;background-color: #ffffff !important;}&#8221;][vc_column width=&#8221;1\/2&#8243;][vc_column_text]\n<p style=\"text-align: center;\"><img decoding=\"async\" loading=\"lazy\" class=\"size-full wp-image-529 aligncenter\" src=\"http:\/\/budujmadrze.pl\/wp-content\/uploads\/2017\/06\/orenowiczmin.jpg\" alt=\"\" width=\"300\" height=\"300\" srcset=\"https:\/\/budujmadrze.pl\/wp-content\/uploads\/2017\/06\/orenowiczmin.jpg 300w, https:\/\/budujmadrze.pl\/wp-content\/uploads\/2017\/06\/orenowiczmin-150x150.jpg 150w, https:\/\/budujmadrze.pl\/wp-content\/uploads\/2017\/06\/orenowiczmin-1024x1024.jpg 1024w\" sizes=\"(max-width: 300px) 100vw, 300px\" \/>W sprawie spotkania \u00a0skontaktuj si\u0119 z w\u0142a\u015bcicielem biura projektowego Atectis Wojciechem Orenowiczem.<\/p>\n<h3 style=\"text-align: center;\">Bezpo\u015bredni kontakt:<\/h3>\n<h3 style=\"text-align: center;\">W\u0142a\u015bciciel Atectis<br \/>\nWojciech Orenowicz<br \/>\nkom. 604 950 889<\/h3>\n[\/vc_column_text][\/vc_column][vc_column width=&#8221;1\/2&#8243;][vc_raw_html]JTNDc2NyaXB0JTIwdHlwZSUzRCUyMnRleHQlMkZqYXZhc2NyaXB0JTIyJTIwc3JjJTNEJTIyaHR0cHMlM0ElMkYlMkZmb3JtLmpvdGZvcm1ldS5jb20lMkZqc2Zvcm0lMkY4MDI1MjY0ODY2NDM2MSUyMiUzRSUzQyUyRnNjcmlwdCUzRQ==[\/vc_raw_html][\/vc_column][\/vc_row]\n","protected":false},"excerpt":{"rendered":"<p>[vc_row css=&#8221;.vc_custom_1497260041686{padding-bottom: 50px !important;}&#8221;][vc_column][vc_custom_heading text=&#8221;Chcesz wprowadzi\u0107 najnowocze\u015bniejsze rozwi\u0105zania energooszcz\u0119dne i ekologiczne, kt\u00f3re pozwala Ci zaoszcz\u0119dzi\u0107 du\u017ce pieni\u0105dze przy budowie i eksploatacji budynku?&#8221; use_theme_fonts=&#8221;yes&#8221;][\/vc_column][\/vc_row][vc_row full_width=&#8221;stretch_row&#8221; css=&#8221;.vc_custom_1447852431308{padding-bottom: 10px !important;}&#8221;][vc_column width=&#8221;1\/2&#8243;][vc_column_text]Witaj, Dzisiaj wiele os\u00f3b m\u00f3wi stanowcze NIE! dystrybutorom i sprzedawcom energii. W\u015br\u00f3d naszych klient\u00f3w s\u0142yszymy coraz wyra\u017aniejszy i bardziej \u015bwiadomy g\u0142os: nie chcemy p\u0142aci\u0107 firmom kt\u00f3re maj\u0105 monopol [&hellip;]<\/p>\n","protected":false},"author":1,"featured_media":0,"parent":0,"menu_order":0,"comment_status":"closed","ping_status":"closed","template":"","meta":[],"_links":{"self":[{"href":"https:\/\/budujmadrze.pl\/index.php?rest_route=\/wp\/v2\/pages\/387"}],"collection":[{"href":"https:\/\/budujmadrze.pl\/index.php?rest_route=\/wp\/v2\/pages"}],"about":[{"href":"https:\/\/budujmadrze.pl\/index.php?rest_route=\/wp\/v2\/types\/page"}],"author":[{"embeddable":true,"href":"https:\/\/budujmadrze.pl\/index.php?rest_route=\/wp\/v2\/users\/1"}],"replies":[{"embeddable":true,"href":"https:\/\/budujmadrze.pl\/index.php?rest_route=%2Fwp%2Fv2%2Fcomments&post=387"}],"version-history":[{"count":21,"href":"https:\/\/budujmadrze.pl\/index.php?rest_route=\/wp\/v2\/pages\/387\/revisions"}],"predecessor-version":[{"id":539,"href":"https:\/\/budujmadrze.pl\/index.php?rest_route=\/wp\/v2\/pages\/387\/revisions\/539"}],"wp:attachment":[{"href":"https:\/\/budujmadrze.pl\/index.php?rest_route=%2Fwp%2Fv2%2Fmedia&parent=387"}],"curies":[{"name":"wp","href":"https:\/\/api.w.org\/{rel}","templated":true}]}}