{"id":33,"date":"2017-06-05T10:14:44","date_gmt":"2017-06-05T10:14:44","guid":{"rendered":"http:\/\/klimatyzacjakrakow.com.pl\/?page_id=33"},"modified":"2017-06-12T09:55:59","modified_gmt":"2017-06-12T09:55:59","slug":"galeria","status":"publish","type":"page","link":"https:\/\/budujmadrze.pl\/?page_id=33","title":{"rendered":"Galeria"},"content":{"rendered":"[vc_row fullwidth=&#8221;true&#8221; fullwidth_content=&#8221;false&#8221; css=&#8221;.vc_custom_1497006779602{padding-top: 50px !important;}&#8221;][vc_column][vc_custom_heading text=&#8221;W akcji Buduj M\u0105drze od 2009 zrealizowali\u015bmy ju\u017c oko\u0142o 200 dom\u00f3w.&#8221; font_container=&#8221;tag:h2|text_align:center&#8221; use_theme_fonts=&#8221;yes&#8221;][vc_empty_space][mk_portfolio image_size=&#8221;full&#8221; excerpt_length=&#8221;0&#8243; meta_type=&#8221;none&#8221; count=&#8221;30&#8243; sortable=&#8221;false&#8221; pagination=&#8221;false&#8221;][\/vc_column][\/vc_row][vc_row css=&#8221;.vc_custom_1497261345507{padding-bottom: 100px !important;}&#8221;][vc_column][vc_empty_space][mk_button_gradient size=&#8221;xx-large&#8221; grandient_color_from=&#8221;#cc8400&#8243; grandient_color_to=&#8221;#ffa500&#8243; grandient_color_angle=&#8221;horizontal&#8221; url=&#8221;?page_id=207&#8243; align=&#8221;center&#8221; fullwidth=&#8221;true&#8221;]JE\u015aLI CHCESZ ZOBACZY\u0106 WI\u0118CEJ REALIZACJI, UM\u00d3W SI\u0118 NA SPOTKANIE[\/mk_button_gradient][\/vc_column][\/vc_row]\n","protected":false},"excerpt":{"rendered":"<p>[vc_row fullwidth=&#8221;true&#8221; fullwidth_content=&#8221;false&#8221; css=&#8221;.vc_custom_1497006779602{padding-top: 50px !important;}&#8221;][vc_column][vc_custom_heading text=&#8221;W akcji Buduj M\u0105drze od 2009 zrealizowali\u015bmy ju\u017c oko\u0142o 200 dom\u00f3w.&#8221; font_container=&#8221;tag:h2|text_align:center&#8221; use_theme_fonts=&#8221;yes&#8221;][vc_empty_space][mk_portfolio image_size=&#8221;full&#8221; excerpt_length=&#8221;0&#8243; meta_type=&#8221;none&#8221; count=&#8221;30&#8243; sortable=&#8221;false&#8221; pagination=&#8221;false&#8221;][\/vc_column][\/vc_row][vc_row css=&#8221;.vc_custom_1497261345507{padding-bottom: 100px !important;}&#8221;][vc_column][vc_empty_space][mk_button_gradient size=&#8221;xx-large&#8221; grandient_color_from=&#8221;#cc8400&#8243; grandient_color_to=&#8221;#ffa500&#8243; grandient_color_angle=&#8221;horizontal&#8221; url=&#8221;?page_id=207&#8243; align=&#8221;center&#8221; fullwidth=&#8221;true&#8221;]JE\u015aLI CHCESZ ZOBACZY\u0106 WI\u0118CEJ REALIZACJI, UM\u00d3W SI\u0118 NA SPOTKANIE[\/mk_button_gradient][\/vc_column][\/vc_row]<\/p>\n","protected":false},"author":1,"featured_media":0,"parent":0,"menu_order":0,"comment_status":"closed","ping_status":"closed","template":"","meta":[],"_links":{"self":[{"href":"https:\/\/budujmadrze.pl\/index.php?rest_route=\/wp\/v2\/pages\/33"}],"collection":[{"href":"https:\/\/budujmadrze.pl\/index.php?rest_route=\/wp\/v2\/pages"}],"about":[{"href":"https:\/\/budujmadrze.pl\/index.php?rest_route=\/wp\/v2\/types\/page"}],"author":[{"embeddable":true,"href":"https:\/\/budujmadrze.pl\/index.php?rest_route=\/wp\/v2\/users\/1"}],"replies":[{"embeddable":true,"href":"https:\/\/budujmadrze.pl\/index.php?rest_route=%2Fwp%2Fv2%2Fcomments&post=33"}],"version-history":[{"count":30,"href":"https:\/\/budujmadrze.pl\/index.php?rest_route=\/wp\/v2\/pages\/33\/revisions"}],"predecessor-version":[{"id":412,"href":"https:\/\/budujmadrze.pl\/index.php?rest_route=\/wp\/v2\/pages\/33\/revisions\/412"}],"wp:attachment":[{"href":"https:\/\/budujmadrze.pl\/index.php?rest_route=%2Fwp%2Fv2%2Fmedia&parent=33"}],"curies":[{"name":"wp","href":"https:\/\/api.w.org\/{rel}","templated":true}]}}