{"id":312,"date":"2017-06-09T10:43:18","date_gmt":"2017-06-09T10:43:18","guid":{"rendered":"http:\/\/klimatyzacjakrakow.com.pl\/?page_id=312"},"modified":"2018-01-26T11:27:23","modified_gmt":"2018-01-26T11:27:23","slug":"porownuje-z-projektami-gotowymi","status":"publish","type":"page","link":"https:\/\/budujmadrze.pl\/?page_id=312","title":{"rendered":"Por\u00f3wnuje z projektami gotowymi"},"content":{"rendered":"[vc_row full_width=&#8221;stretch_row&#8221;][vc_column][vc_custom_heading text=&#8221;Wyrzu\u0107 do kosza tzw. projekt \u201cgotowy\u201d i zbuduj w pe\u0142ni indywidualny dom oszcz\u0119dzaj\u0105c kilkadziesi\u0105t tysi\u0119cy z\u0142otych!&#8221; font_container=&#8221;tag:h2|text_align:left|color:%23000000&#8243; use_theme_fonts=&#8221;yes&#8221; no_top=&#8221;yes&#8221;][vc_empty_space][\/vc_column][\/vc_row][vc_row full_width=&#8221;stretch_row&#8221; css=&#8221;.vc_custom_1448124657793{padding-top: 0px !important;padding-bottom: 0px !important;}&#8221;][vc_column width=&#8221;1\/2&#8243;][vc_column_text]<img decoding=\"async\" loading=\"lazy\" class=\"alignnone size-thumbnail wp-image-529 alignleft\" src=\"http:\/\/budujmadrze.pl\/wp-content\/uploads\/2017\/06\/orenowiczmin-150x150.jpg\" alt=\"\" width=\"150\" height=\"150\" srcset=\"https:\/\/budujmadrze.pl\/wp-content\/uploads\/2017\/06\/orenowiczmin-150x150.jpg 150w, https:\/\/budujmadrze.pl\/wp-content\/uploads\/2017\/06\/orenowiczmin.jpg 300w, https:\/\/budujmadrze.pl\/wp-content\/uploads\/2017\/06\/orenowiczmin-1024x1024.jpg 1024w\" sizes=\"(max-width: 150px) 100vw, 150px\" \/>Witaj,<\/p>\n<p style=\"text-align: justify;\">Jako architekt z du\u017cym do\u015bwiadczeniem zawsze m\u00f3wi\u0142em moim Klientom, \u017ce firmy sprzedaj\u0105ce gotowe projekty nie maj\u0105 nic do zaoferowania. Dzisiaj ju\u017c wi\u0119kszo\u015b\u0107 os\u00f3b to wie, ale Klienci nie wiedz\u0105 co z t\u0105 wiedz\u0105 zrobi\u0107.<\/p>\n<p style=\"text-align: justify;\">Jak podej\u015b\u0107 do tematu budowy domu? Gdzie szuka\u0107 profesjonalnej pomocy?<\/p>\n<p style=\"text-align: justify;\">Dzi\u015b \u017caden m\u0105dry inwestor nie p\u00f3jdzie na tanie chwyty marketingowe typu \u201e\u0142adne domki\u201d pokazane na zdj\u0119ciach czy wizualizacjach. Ale co dalej? Odpowiadaj\u0105c na te wszystkie pytania i wyzwania rynku, chcemy zaprosi\u0107 Ci\u0119 do akcji \u201eBuduj M\u0105drze\u201d.<\/p>\n<p style=\"text-align: justify;\">Zach\u0119camy Ci\u0119 do odrzucenia tzw. \u201egotowych projekt\u00f3w\u201d, bo nie ma nic bardziej b\u0142\u0119dnego ni\u017c wiara w tzw. tanie i \u0142atwe budowanie z \u201egotowymi projektami\u201d. Bowiem dop\u00f3ki nie ma konkretu dzia\u0142ki, dop\u00f3ty projekt nie jest gotowy.<\/p>\n[\/vc_column_text][\/vc_column][vc_column width=&#8221;1\/2&#8243;][vc_raw_html]JTNDc2NyaXB0JTIwdHlwZSUzRCUyMnRleHQlMkZqYXZhc2NyaXB0JTIyJTIwc3JjJTNEJTIyaHR0cHMlM0ElMkYlMkZmb3JtLmpvdGZvcm1ldS5jb20lMkZqc2Zvcm0lMkY4MDI1MjY0ODY2NDM2MSUyMiUzRSUzQyUyRnNjcmlwdCUzRQ==[\/vc_raw_html][\/vc_column][\/vc_row][vc_row fullwidth=&#8221;true&#8221; fullwidth_content=&#8221;false&#8221; full_width=&#8221;stretch_row&#8221; css=&#8221;.vc_custom_1497006019613{padding-top: 50px !important;padding-bottom: 50px !important;background-color: #f9f9f9 !important;}&#8221;][vc_column][vc_custom_heading text=&#8221;Czy to prawda, \u017ce wystarczy kupi\u0107 gotowy projekt , troch\u0119 go \u201epozmienia\u0107\u201d i mo\u017cna zaczyna\u0107 budow\u0119 domu?&#8221; use_theme_fonts=&#8221;yes&#8221;][vc_empty_space][vc_column_text]\n<h4>Ot\u00f3\u017c nie. Takie my\u015blenie to pu\u0142apka.<\/h4>\n<p><strong>Po pierwsze<\/strong>\u00a0proces dostosowania \u201egotowego projektu\u201d jest najcz\u0119\u015bciej bardziej skomplikowany ni\u017c stworzenie nowego projektu wed\u0142ug w\u0142asnych potrzeb i konkretnych warunk\u00f3w.<\/p>\n<p><strong>Po drugie<\/strong>\u00a0jest to pu\u0142apka finansowa. Pozornie by\u0142oby \u0142atwiej kupi\u0107 projekt domu, kt\u00f3ry \u0142adnie wygl\u0105da na zdj\u0119ciu w katalogu i jest to wielka pokusa. Niestety p\u00f3\u017aniej okazuje si\u0119, \u017ce ten \u201egotowy projekt\u201d kosztuje Ci\u0119 o kilkadziesi\u0105t tysi\u0119cy wi\u0119cej ni\u017c wsp\u00f3\u0142praca ze sprawdzonym architektem. Architekt zaprojektuje dla Ciebie indywidualne rozwi\u0105zania, obni\u017cy koszty realizacji, a tak\u017ce zoptymalizuje koszty przysz\u0142ej eksploatacji wdra\u017caj\u0105c szereg rozwi\u0105za\u0144 energooszcz\u0119dnych, kt\u00f3re dzisiaj s\u0105 dost\u0119pne dla przeci\u0119tnego inwestora.<\/p>\n<p>Tymczasem w gotowych projektach nie masz \u015bcis\u0142ej kontroli nad bud\u017cetem. Technologia wykonania jest z g\u00f3ry okre\u015blona i najcz\u0119\u015bciej droga, a wyliczenie koszt\u00f3w jest przedstawiane klientowi \u201ena pokaz\u201d, poniewa\u017c nikt nie dostosowuje go do konkretnego miejsca. Pod wzgl\u0119dem kosztorysu kupujesz \u201ekota w worku\u201d i podejmujesz ryzyko: czy zapanujesz na finansami, gdy bud\u017cet wymknie si\u0119 spod kontroli.<\/p>\n<p><strong>Po trzecie<\/strong>\u00a0\u2013 kolorowe katalogi prezentuj\u0105 zaledwie 5% mo\u017cliwo\u015bci jakie drzemi\u0105 w typowych materia\u0142ach budowlanych i BUD\u017bETACH.[\/vc_column_text][\/vc_column][\/vc_row][vc_row fullwidth=&#8221;true&#8221; fullwidth_content=&#8221;false&#8221; css=&#8221;.vc_custom_1497006532764{padding-top: 70px !important;background-color: #f4f4f4 !important;}&#8221;][vc_column][mk_portfolio image_size=&#8221;full&#8221; excerpt_length=&#8221;0&#8243; count=&#8221;12&#8243; sortable=&#8221;false&#8221;][\/vc_column][\/vc_row][vc_row fullwidth=&#8221;true&#8221; fullwidth_content=&#8221;false&#8221; full_width=&#8221;stretch_row&#8221; css=&#8221;.vc_custom_1497006470432{padding-top: 60px !important;background-color: #ffffff !important;}&#8221;][vc_column][vc_column_text]\n<h2>Studium Sukcesu<\/h2>\n<h3>Dom w Podlesiu (Katowice)<\/h3>\n<p><img decoding=\"async\" loading=\"lazy\" class=\"alignleft\" title=\"dom_oferta\" src=\"http:\/\/www.atectis.pl\/wp-content\/uploads\/2009\/10\/dom_oferta.jpg\" alt=\"dom_oferta\" width=\"300\" height=\"188\" \/>Klient posiada\u0142 okre\u015blone i jasno sprecyzowane wn\u0119trze \u2013 co do ilo\u015bci, typu i wielko\u015bci pomieszcze\u0144. Znaleziony \u2013 projekt w katalogu, 150 m2 \u2013 kosztorys 395 tys. (pod klucz) \u2013 brak cech indywidualnych w projekcie wn\u0119trza, kosztowne dekoracje zewn\u0119trzne.<\/p>\n<p style=\"text-align: justify;\">Projekt indywidualny w Atectis \u2013 145 m2 \u2013 kosztorys 330 tys. (pod klucz) \u2013 cechy indywidualne: wn\u0119trze w drewnie, uzyskano przestronn\u0105 otwart\u0105 przestrze\u0144 nad salonem i jadalni\u0105, antresol\u0119 na pi\u0119trze, prosta i elegancka nowoczesna architektura, Koszt budowy \u2013 270 tys. (ostateczny koszt budowy nie przekroczy 310 tys.). Klient zaoszcz\u0119dzi\u0142 85.000 z\u0142otych decyduj\u0105c si\u0119 na projekt indywidualny.<\/p>\n<p><center><img decoding=\"async\" loading=\"lazy\" class=\"aligncenter\" title=\"atectis_porowanie\" src=\"http:\/\/www.atectis.pl\/wp-content\/uploads\/2009\/10\/atectis_porowanie1.JPG\" alt=\"atectis_porowanie\" width=\"500\" height=\"198\" \/><\/center>&nbsp;<\/p>\n<h3>Dom w Jaworznie<\/h3>\n<p style=\"text-align: justify;\"><img decoding=\"async\" loading=\"lazy\" class=\"alignleft\" title=\"domwjaworznie1\" src=\"http:\/\/www.atectis.pl\/wp-content\/uploads\/2009\/10\/domwjaworznie1.jpg\" alt=\"domwjaworznie1\" width=\"300\" height=\"216\" \/><\/p>\n<p style=\"text-align: justify;\">Przedmiotem inwestycji by\u0142a zabudowa w\u0105skiej pod\u0142u\u017cnej dzia\u0142ki, kt\u00f3ra jednocze\u015bnie posiada\u0142a doj\u015bcie i dojazd z dw\u00f3ch kr\u00f3tszych bok\u00f3w. Zamierzeniem inwestora by\u0142a budowa tradycyjnego domu zachowuj\u0105cego wszystkie cechy funkcjonalne, przestrzenne oraz estetyczne wynikaj\u0105ce z tradycji. Z uwagi na kszta\u0142t dzia\u0142ki nie by\u0142o mo\u017cliwe wpasowanie gotowego projektu, ze wzgl\u0119du na proponowane koszty budowy \u2013 gotowe rozwi\u0105zania zosta\u0142y odrzucone. Budynek mieszkalny, taras oraz podw\u00f3jny gara\u017c zlokalizowano na w\u0105skim 7 metrowym pasie mo\u017cliwym do zabudowy na pod\u0142u\u017cnej dzia\u0142ce. Dzi\u0119ki odpowiedniemu ukszta\u0142towaniu bry\u0142 i lokalizacji w odpowiednim miejscu w\u0105sko\u015b\u0107 dzia\u0142ki jest niezauwa\u017calna. Dla budynku zastosowano zasady optymalizacji koszt\u00f3w.<\/p>\n<p><center><img decoding=\"async\" loading=\"lazy\" class=\"aligncenter\" title=\"atectis_porowanie2\" src=\"http:\/\/www.atectis.pl\/wp-content\/uploads\/2009\/10\/atectis_porowanie2.jpg\" alt=\"atectis_porowanie2\" width=\"500\" height=\"198\" \/><\/center>\u00a0[\/vc_column_text][\/vc_column][\/vc_row][vc_row fullwidth=&#8221;true&#8221; fullwidth_content=&#8221;false&#8221; full_width=&#8221;stretch_row&#8221; css=&#8221;.vc_custom_1497006167897{padding-top: 50px !important;padding-bottom: 50px !important;background-color: #f9f9f9 !important;}&#8221;][vc_column][vc_column_text]\n<h2 style=\"text-align: center;\">&#8222;Buduj M\u0105drze&#8221; gwarantuje zdobycie wszelkich pozwole\u0144 zwi\u0105zanych z Twoj\u0105 inwestycj\u0105!<\/h2>\n<p><img decoding=\"async\" loading=\"lazy\" class=\"size-full wp-image-929 alignleft\" title=\"postacbudman\" src=\"http:\/\/www.budujmadrze.pl\/wp-content\/uploads\/2012\/09\/postacbudman.png\" alt=\"\" width=\"200\" height=\"172\" \/>Wszelkie zezwolenia, uzgodnienia, koncesje, decyzje i postanowienia formalne zostaw nam. Jedyne co musisz zrobi\u0107, to na pocz\u0105tku przekaza\u0107 nam upowa\u017cnienie do reprezentowania Ciebie przed instytucjami i urz\u0119dami.<\/p>\n<p>Od tego momentu \u201ekarczowanie d\u017cungli budowlanych przepis\u00f3w ojczystej biurokracji\u201d bierzemy na siebie. Twoje zadania ograniczaj\u0105 si\u0119 do z\u0142o\u017cenia podpis\u00f3w na niekt\u00f3rych dokumentach.<\/p>\n<h2 style=\"text-align: center;\">Zapraszamy na niezobowi\u0105zuj\u0105ce spotkanie pod has\u0142em &#8222;Buduj M\u0105drze&#8221;<\/h2>\n<p>P.s Je\u015bli nie chcesz do\u015bwiadczy\u0107 serii rozczarowa\u0144 i \u017ca\u0142owa\u0107, \u017ce nie por\u00f3wna\u0142e\u015b wcze\u015bniej wielu dost\u0119pnych opcji, zapraszamy Ci\u0119 na specjalny cykl indywidualnych spotka\u0144 pod has\u0142em \u201eBuduj M\u0105drze od A do Z.\u201d. Spotkania odbywaj\u0105 si\u0119 w naszym biurze w Rudzie \u015al\u0105skiej i maj\u0105 charakter indywidualny( spotkania s\u0105 niezobowi\u0105zuj\u0105ce i bezp\u0142atne).<\/p>\n<p>P.P.s \u00a0Aby zapisa\u0107 si\u0119 teraz na spotkanie zadzwo\u0144 pod numer podany poni\u017cej lub skorzystaj z formularza znajduj\u0105cego si\u0119 po prawej stronie.[\/vc_column_text][\/vc_column][\/vc_row][vc_row full_width=&#8221;stretch_row&#8221; css=&#8221;.vc_custom_1448264490500{padding-top: 30px !important;padding-bottom: 0px !important;}&#8221;][vc_column width=&#8221;1\/2&#8243;][vc_column_text]\n<p style=\"text-align: center;\"><img decoding=\"async\" loading=\"lazy\" class=\"size-full wp-image-529 aligncenter\" src=\"http:\/\/budujmadrze.pl\/wp-content\/uploads\/2017\/06\/orenowiczmin.jpg\" alt=\"\" width=\"300\" height=\"300\" srcset=\"https:\/\/budujmadrze.pl\/wp-content\/uploads\/2017\/06\/orenowiczmin.jpg 300w, https:\/\/budujmadrze.pl\/wp-content\/uploads\/2017\/06\/orenowiczmin-150x150.jpg 150w, https:\/\/budujmadrze.pl\/wp-content\/uploads\/2017\/06\/orenowiczmin-1024x1024.jpg 1024w\" sizes=\"(max-width: 300px) 100vw, 300px\" \/>W sprawie spotkania \u00a0skontaktuj si\u0119 z w\u0142a\u015bcicielem biura projektowego Atectis Wojciechem Orenowiczem.<\/p>\n<h4 style=\"text-align: center;\">Bezpo\u015bredni kontakt:<\/h4>\n<h3 style=\"text-align: center;\">W\u0142a\u015bciciel Atectis<br \/>\nWojciech Orenowicz<br \/>\nkom. 604 950 889<\/h3>\n[\/vc_column_text][\/vc_column][vc_column width=&#8221;1\/2&#8243;][vc_raw_html]JTNDc2NyaXB0JTIwdHlwZSUzRCUyMnRleHQlMkZqYXZhc2NyaXB0JTIyJTIwc3JjJTNEJTIyaHR0cHMlM0ElMkYlMkZmb3JtLmpvdGZvcm1ldS5jb20lMkZqc2Zvcm0lMkY4MDI1MjY0ODY2NDM2MSUyMiUzRSUzQyUyRnNjcmlwdCUzRQ==[\/vc_raw_html][\/vc_column][\/vc_row]\n","protected":false},"excerpt":{"rendered":"<p>[vc_row full_width=&#8221;stretch_row&#8221;][vc_column][vc_custom_heading text=&#8221;Wyrzu\u0107 do kosza tzw. projekt \u201cgotowy\u201d i zbuduj w pe\u0142ni indywidualny dom oszcz\u0119dzaj\u0105c kilkadziesi\u0105t tysi\u0119cy z\u0142otych!&#8221; font_container=&#8221;tag:h2|text_align:left|color:%23000000&#8243; use_theme_fonts=&#8221;yes&#8221; no_top=&#8221;yes&#8221;][vc_empty_space][\/vc_column][\/vc_row][vc_row full_width=&#8221;stretch_row&#8221; css=&#8221;.vc_custom_1448124657793{padding-top: 0px !important;padding-bottom: 0px !important;}&#8221;][vc_column width=&#8221;1\/2&#8243;][vc_column_text]Witaj, Jako architekt z du\u017cym do\u015bwiadczeniem zawsze m\u00f3wi\u0142em moim Klientom, \u017ce firmy sprzedaj\u0105ce gotowe projekty nie maj\u0105 nic do zaoferowania. Dzisiaj ju\u017c wi\u0119kszo\u015b\u0107 os\u00f3b to wie, ale Klienci [&hellip;]<\/p>\n","protected":false},"author":1,"featured_media":0,"parent":0,"menu_order":0,"comment_status":"closed","ping_status":"closed","template":"","meta":[],"_links":{"self":[{"href":"https:\/\/budujmadrze.pl\/index.php?rest_route=\/wp\/v2\/pages\/312"}],"collection":[{"href":"https:\/\/budujmadrze.pl\/index.php?rest_route=\/wp\/v2\/pages"}],"about":[{"href":"https:\/\/budujmadrze.pl\/index.php?rest_route=\/wp\/v2\/types\/page"}],"author":[{"embeddable":true,"href":"https:\/\/budujmadrze.pl\/index.php?rest_route=\/wp\/v2\/users\/1"}],"replies":[{"embeddable":true,"href":"https:\/\/budujmadrze.pl\/index.php?rest_route=%2Fwp%2Fv2%2Fcomments&post=312"}],"version-history":[{"count":23,"href":"https:\/\/budujmadrze.pl\/index.php?rest_route=\/wp\/v2\/pages\/312\/revisions"}],"predecessor-version":[{"id":538,"href":"https:\/\/budujmadrze.pl\/index.php?rest_route=\/wp\/v2\/pages\/312\/revisions\/538"}],"wp:attachment":[{"href":"https:\/\/budujmadrze.pl\/index.php?rest_route=%2Fwp%2Fv2%2Fmedia&parent=312"}],"curies":[{"name":"wp","href":"https:\/\/api.w.org\/{rel}","templated":true}]}}