{"id":280,"date":"2017-06-09T10:01:47","date_gmt":"2017-06-09T10:01:47","guid":{"rendered":"http:\/\/klimatyzacjakrakow.com.pl\/?page_id=280"},"modified":"2020-11-30T12:45:35","modified_gmt":"2020-11-30T12:45:35","slug":"dom-projekt-indywidualny","status":"publish","type":"page","link":"https:\/\/budujmadrze.pl\/?page_id=280","title":{"rendered":"Dom projekt indywidualny"},"content":{"rendered":"[vc_row fullwidth=&#8221;true&#8221; fullwidth_content=&#8221;false&#8221; css=&#8221;.vc_custom_1497003511408{background-position: 0 0 !important;background-repeat: no-repeat !important;}&#8221;][vc_column][vc_custom_heading text=&#8221;Zaprojektujemy razem Tw\u00f3j wymarzony dom oszcz\u0119dzaj\u0105c przy tym kilkadziesi\u0105t tysi\u0119cy z\u0142otych!&#8221; use_theme_fonts=&#8221;yes&#8221;][\/vc_column][\/vc_row][vc_row full_width=&#8221;stretch_row&#8221; css=&#8221;.vc_custom_1447857215730{padding-top: 30px !important;padding-bottom: 0px !important;}&#8221;][vc_column width=&#8221;1\/2&#8243;][vc_column_text]\n<p style=\"text-align: justify;\"><img decoding=\"async\" loading=\"lazy\" class=\"size-thumbnail wp-image-529 alignleft\" src=\"http:\/\/budujmadrze.pl\/wp-content\/uploads\/2017\/06\/orenowiczmin-150x150.jpg\" alt=\"\" width=\"150\" height=\"150\" srcset=\"https:\/\/budujmadrze.pl\/wp-content\/uploads\/2017\/06\/orenowiczmin-150x150.jpg 150w, https:\/\/budujmadrze.pl\/wp-content\/uploads\/2017\/06\/orenowiczmin.jpg 300w, https:\/\/budujmadrze.pl\/wp-content\/uploads\/2017\/06\/orenowiczmin-1024x1024.jpg 1024w\" sizes=\"(max-width: 150px) 100vw, 150px\" \/>Witaj,<\/p>\n<p style=\"text-align: justify;\">Nazywam si\u0119 Wojciech Orenowicz. Jestem architektem. Mam za sob\u0105 wysokobud\u017cetowe inwestycje oraz mniejsze projekty. Posiadam 10 letnie do\u015bwiadczenie poparte licznymi realizacjami z r\u00f3\u017cnych dziedzin projektowania. Podstaw\u0105 mojej pracy jest zrozumienie oczekiwa\u0144 klienta: czego potrzebuje i co chce osi\u0105gn\u0105\u0107.<\/p>\n<p style=\"text-align: justify;\"><strong>Moja firma daje klientom gwarancj\u0119 uzyskania pozwolenia na budow\u0119\u00a0<\/strong>oraz wszelkich formalno\u015bci a\u017c do pomy\u015blnego zako\u0144czenia ka\u017cdego projektu.<\/p>\n[\/vc_column_text][\/vc_column][vc_column width=&#8221;1\/2&#8243;][vc_single_image image=&#8221;533&#8243; img_size=&#8221;full&#8221;][\/vc_column][\/vc_row][vc_row fullwidth=&#8221;true&#8221; fullwidth_content=&#8221;false&#8221; css=&#8221;.vc_custom_1497000968694{padding-top: 50px !important;padding-right: 0px !important;padding-bottom: 50px !important;padding-left: 0px !important;background-color: #e8e8e8 !important;}&#8221;][vc_column][vc_custom_heading text=&#8221;Buduj M\u0105drze w liczbach:&#8221; use_theme_fonts=&#8221;yes&#8221;][\/vc_column][\/vc_row][vc_row fullwidth=&#8221;true&#8221; fullwidth_content=&#8221;false&#8221; css=&#8221;.vc_custom_1497003966210{padding-top: 0px !important;padding-right: 0px !important;padding-bottom: 50px !important;padding-left: 0px !important;background-color: #e8e8e8 !important;}&#8221;][vc_column width=&#8221;1\/3&#8243;][mk_milestone icon=&#8221;mk-moon-home-6&#8243; icon_size=&#8221;large&#8221; stop=&#8221;200&#8243; text=&#8221;Oko\u0142o 200 wybudowanych dom\u00f3w wed\u0142ug naszych projekt\u00f3w&#8221; font_family=&#8221;none&#8221;][\/vc_column][vc_column width=&#8221;1\/3&#8243;][mk_milestone icon=&#8221;mk-li-users&#8221; icon_size=&#8221;large&#8221; stop=&#8221;1000&#8243; speed=&#8221;1060&#8243; text=&#8221;Ponad 1000 godzin sp\u0119dzonych z klientami na rozmowach o ich domu&#8221; font_family=&#8221;none&#8221;][\/vc_column][vc_column width=&#8221;1\/3&#8243;][mk_milestone icon=&#8221;mk-li-money&#8221; icon_size=&#8221;large&#8221; stop=&#8221;8&#8243; text=&#8221;Ponad 8 milion\u00f3w z\u0142 zaoszcz\u0119dzili klienci buduj\u0105c swoje domy&#8221; font_family=&#8221;none&#8221;][\/vc_column][\/vc_row][vc_row fullwidth=&#8221;true&#8221; fullwidth_content=&#8221;false&#8221; full_width=&#8221;stretch_row&#8221; css=&#8221;.vc_custom_1497003144534{padding-top: 50px !important;padding-bottom: 50px !important;background-color: #f2f2f2 !important;}&#8221;][vc_column][vc_custom_heading text=&#8221;Co powiniene\u015b wiedzie\u0107 o projektach indywidualnych:&#8221; use_theme_fonts=&#8221;yes&#8221;][vc_column_text]\n<h3 style=\"text-align: center;\"><\/h3>\n<p>1. Projekt indywidualny jest wykonywany pod konkretny, okre\u015blony przez inwestora bud\u017cet.\u00a0Jest dok\u0142adnie dopasowany do Twoich potrzeb i mo\u017cliwo\u015bci finansowych oraz wykonany tylko dla Twojej konkretnej dzia\u0142ki.<\/p>\n<p>Ewentualne drobne zmiany mog\u0105 by\u0107 bezpiecznie dokonywane na budowie, poniewa\u017c autor zawsze jest dost\u0119pny i dok\u0142adnie zorientowany w ca\u0142o\u015bci projektu.\u00a0TO NAJKR\u00d3TSZA DROGA DO CELU.<\/p>\n<p>W profesjonalnej pracowni projekt powstaje w ci\u0105gu 3-6 tygodni &#8211; \u0142\u0105cznie z wizualizacj\u0105 koncepcji, pozyskaniem materia\u0142\u00f3w przedprojektowych i wprowadzeniem \u017c\u0105danych zmian przez inwestora.<\/p>\n<p>2<strong>.\u00a0<\/strong>INDYWIDUALNY AUTORSKA KONCEPCJA Z TWOIM UDZIA\u0141EM \u2192 KONTROLOWANA BEZPIECZNA REALIZACJA BEZ NIESPODZIANEK<\/p>\n<p>3. Projekt indywidualny posiada AUTORA, kt\u00f3ry jest obecny zar\u00f3wno w czasie opracowania jak i budowy. To autor jest odpowiedzialny za rozwi\u0105zania, kt\u00f3re wybra\u0142. Masz jego wsparcie na ka\u017cdym etapie projektowania i realizacji.<\/p>\n<p>4. Sk\u0142adaj\u0105c do urz\u0119du projekt indywidualny nie powiniene\u015b mie\u0107 \u017cadnych w\u0105tpliwo\u015bci co do zawartych w nim rozwi\u0105za\u0144 oraz ich szacunkowych koszt\u00f3w. Profesjonalna pracownia zagwarantuje Ci uzyskanie pozwolenia na budow\u0119.<\/p>\n<p>5. Dzi\u0119ki dba\u0142o\u015bci o detale projekt indywidualny zapewnia realizacj\u0119 niepowtarzalnego, przemy\u015blanego, a zarazem taniego domu.<\/p>\n[\/vc_column_text][\/vc_column][\/vc_row][vc_row fullwidth=&#8221;true&#8221; fullwidth_content=&#8221;false&#8221; css=&#8221;.vc_custom_1497003691884{padding-top: 50px !important;padding-bottom: 50px !important;}&#8221;][vc_column][mk_portfolio image_size=&#8221;full&#8221; excerpt_length=&#8221;0&#8243; meta_type=&#8221;none&#8221; count=&#8221;12&#8243; sortable=&#8221;false&#8221;][\/vc_column][\/vc_row][vc_row][vc_column][vc_custom_heading text=&#8221;Opinie klient\u00f3w&#8221; use_theme_fonts=&#8221;yes&#8221; css_animation=&#8221;bounceInLeft&#8221;][mk_testimonials style=&#8221;boxed&#8221;][\/vc_column][\/vc_row][vc_row fullwidth=&#8221;true&#8221; fullwidth_content=&#8221;false&#8221; full_width=&#8221;stretch_row&#8221; css=&#8221;.vc_custom_1497003576408{padding-top: 50px !important;padding-bottom: 50px !important;background-color: #e0e0e0 !important;}&#8221;][vc_column][vc_column_text]\n<h2 style=\"text-align: center;\"><span style=\"color: #002654;\">&#8222;Buduj M\u0105drze&#8221; gwarantuje zdobycie wszelkich pozwole\u0144 zwi\u0105zanych z Twoj\u0105 inwestycj\u0105!<\/span><\/h2>\n<p style=\"text-align: justify;\"><img decoding=\"async\" loading=\"lazy\" class=\"size-full wp-image-929 alignleft\" style=\"border: 0px;\" title=\"postacbudman\" src=\"http:\/\/www.budujmadrze.pl\/wp-content\/uploads\/2012\/09\/postacbudman.png\" alt=\"\" width=\"200\" height=\"172\" \/>Wszelkie zezwolenia, uzgodnienia, koncesje, decyzje i postanowienia formalne zostaw nam. Jedyne co musisz zrobi\u0107, to na pocz\u0105tku przekaza\u0107 nam upowa\u017cnienie do reprezentowania Ciebie przed instytucjami i urz\u0119dami.<\/p>\n<p style=\"text-align: justify;\">Od tego momentu \u201ekarczowanie d\u017cungli budowlanych przepis\u00f3w ojczystej biurokracji\u201d bierzemy na siebie. Twoje zadania ograniczaj\u0105 si\u0119 do z\u0142o\u017cenia podpis\u00f3w na niekt\u00f3rych dokumentach.<\/p>\n<h2 style=\"text-align: center;\"><span style=\"color: #002654;\">Zapraszamy na niezobowi\u0105zuj\u0105ce spotkanie pod has\u0142em&#8221;Buduj M\u0105drze&#8221;<\/span><\/h2>\n<p style=\"text-align: center;\">P.s Je\u015bli nie chcesz do\u015bwiadczy\u0107 serii rozczarowa\u0144 i \u017ca\u0142owa\u0107, \u017ce nie por\u00f3wna\u0142e\u015b wcze\u015bniej wielu dost\u0119pnych opcji, zapraszamy Ci\u0119 na specjalny cykl indywidualnych spotka\u0144 pod has\u0142em \u201eBuduj M\u0105drze od A do Z.\u201d. Spotkania odbywaj\u0105 si\u0119 w naszym biurze w Rudzie \u015al\u0105skiej i maj\u0105 charakter indywidualny( spotkania s\u0105 niezobowi\u0105zuj\u0105ce i bezp\u0142atne).<\/p>\n<p style=\"text-align: center;\">P.P.s \u00a0Aby zapisa\u0107 si\u0119 teraz na spotkanie zadzwo\u0144 pod numer podany poni\u017cej lub skorzystaj z formularza znajduj\u0105cego si\u0119 po prawej stronie.<\/p>\n[\/vc_column_text][\/vc_column][\/vc_row][vc_row fullwidth=&#8221;true&#8221; fullwidth_content=&#8221;false&#8221; full_width=&#8221;stretch_row&#8221; css=&#8221;.vc_custom_1497003630776{padding-top: 50px !important;padding-bottom: 30px !important;background-color: #ffffff !important;}&#8221;][vc_column width=&#8221;1\/2&#8243;][vc_column_text]\n<p style=\"text-align: center;\"><img decoding=\"async\" loading=\"lazy\" class=\"size-thumbnail wp-image-529 aligncenter\" src=\"http:\/\/budujmadrze.pl\/wp-content\/uploads\/2017\/06\/orenowiczmin-150x150.jpg\" alt=\"\" width=\"150\" height=\"150\" srcset=\"https:\/\/budujmadrze.pl\/wp-content\/uploads\/2017\/06\/orenowiczmin-150x150.jpg 150w, https:\/\/budujmadrze.pl\/wp-content\/uploads\/2017\/06\/orenowiczmin.jpg 300w, https:\/\/budujmadrze.pl\/wp-content\/uploads\/2017\/06\/orenowiczmin-1024x1024.jpg 1024w\" sizes=\"(max-width: 150px) 100vw, 150px\" \/>W sprawie spotkania \u00a0skontaktuj si\u0119 z w\u0142a\u015bcicielem biura projektowego Atectis Wojciechem Orenowiczem.<\/p>\n<h3 style=\"text-align: center;\">Bezpo\u015bredni kontakt:<\/h3>\n<h3 style=\"text-align: center;\">W\u0142a\u015bciciel Atectis<br \/>\nWojciech Orenowicz<br \/>\nkom. 604 950 889<\/h3>\n[\/vc_column_text][\/vc_column][vc_column width=&#8221;1\/2&#8243;][vc_raw_html]JTNDc2NyaXB0JTIwdHlwZSUzRCUyMnRleHQlMkZqYXZhc2NyaXB0JTIyJTIwc3JjJTNEJTIyaHR0cHMlM0ElMkYlMkZmb3JtLmpvdGZvcm1ldS5jb20lMkZqc2Zvcm0lMkY4MDI1MjY0ODY2NDM2MSUyMiUzRSUzQyUyRnNjcmlwdCUzRQ==[\/vc_raw_html][\/vc_column][\/vc_row]\n","protected":false},"excerpt":{"rendered":"<p>[vc_row fullwidth=&#8221;true&#8221; fullwidth_content=&#8221;false&#8221; css=&#8221;.vc_custom_1497003511408{background-position: 0 0 !important;background-repeat: no-repeat !important;}&#8221;][vc_column][vc_custom_heading text=&#8221;Zaprojektujemy razem Tw\u00f3j wymarzony dom oszcz\u0119dzaj\u0105c przy tym kilkadziesi\u0105t tysi\u0119cy z\u0142otych!&#8221; use_theme_fonts=&#8221;yes&#8221;][\/vc_column][\/vc_row][vc_row full_width=&#8221;stretch_row&#8221; css=&#8221;.vc_custom_1447857215730{padding-top: 30px !important;padding-bottom: 0px !important;}&#8221;][vc_column width=&#8221;1\/2&#8243;][vc_column_text] Witaj, Nazywam si\u0119 Wojciech Orenowicz. Jestem architektem. Mam za sob\u0105 wysokobud\u017cetowe inwestycje oraz mniejsze projekty. Posiadam 10 letnie do\u015bwiadczenie poparte licznymi realizacjami z r\u00f3\u017cnych dziedzin projektowania. Podstaw\u0105 [&hellip;]<\/p>\n","protected":false},"author":1,"featured_media":0,"parent":0,"menu_order":0,"comment_status":"closed","ping_status":"closed","template":"","meta":[],"_links":{"self":[{"href":"https:\/\/budujmadrze.pl\/index.php?rest_route=\/wp\/v2\/pages\/280"}],"collection":[{"href":"https:\/\/budujmadrze.pl\/index.php?rest_route=\/wp\/v2\/pages"}],"about":[{"href":"https:\/\/budujmadrze.pl\/index.php?rest_route=\/wp\/v2\/types\/page"}],"author":[{"embeddable":true,"href":"https:\/\/budujmadrze.pl\/index.php?rest_route=\/wp\/v2\/users\/1"}],"replies":[{"embeddable":true,"href":"https:\/\/budujmadrze.pl\/index.php?rest_route=%2Fwp%2Fv2%2Fcomments&post=280"}],"version-history":[{"count":38,"href":"https:\/\/budujmadrze.pl\/index.php?rest_route=\/wp\/v2\/pages\/280\/revisions"}],"predecessor-version":[{"id":554,"href":"https:\/\/budujmadrze.pl\/index.php?rest_route=\/wp\/v2\/pages\/280\/revisions\/554"}],"wp:attachment":[{"href":"https:\/\/budujmadrze.pl\/index.php?rest_route=%2Fwp%2Fv2%2Fmedia&parent=280"}],"curies":[{"name":"wp","href":"https:\/\/api.w.org\/{rel}","templated":true}]}}