{"id":27,"date":"2017-06-05T10:12:51","date_gmt":"2017-06-05T10:12:51","guid":{"rendered":"http:\/\/klimatyzacjakrakow.com.pl\/?page_id=27"},"modified":"2017-06-12T08:47:25","modified_gmt":"2017-06-12T08:47:25","slug":"o-akcji","status":"publish","type":"page","link":"https:\/\/budujmadrze.pl\/?page_id=27","title":{"rendered":"O akcji"},"content":{"rendered":"[vc_row fullwidth=&#8221;true&#8221; fullwidth_content=&#8221;false&#8221; css=&#8221;.vc_custom_1497256875469{padding-top: 50px !important;padding-bottom: 50px !important;background-color: #f7f7f7 !important;}&#8221;][vc_column width=&#8221;1\/2&#8243;][vc_custom_heading text=&#8221;Kilka s\u0142\u00f3w o pomys\u0142odawcy akcji Buduj M\u0105drze&#8221; font_container=&#8221;tag:h2|font_size:20|text_align:left&#8221; use_theme_fonts=&#8221;yes&#8221;][vc_column_text]Nazywam si\u0119 Wojciech Orenowicz. Jestem architektem. Mam za sob\u0105 wysokobud\u017cetowe inwestycje oraz mniejsze projekty. Posiadam 15 letnie do\u015bwiadczenie poparte licznymi realizacjami z r\u00f3\u017cnych dziedzin projektowania. Podstaw\u0105 mojej pracy jest zrozumienie oczekiwa\u0144 klienta: czego potrzebuje i co chce osi\u0105gn\u0105\u0107.<\/p>\n<p><strong>Moja firma daje klientom gwarancj\u0119 uzyskania pozwolenia na budow\u0119\u00a0<\/strong>oraz wszelkich formalno\u015bci a\u017c do pomy\u015blnego zako\u0144czenia ka\u017cdego projektu.[\/vc_column_text][\/vc_column][vc_column width=&#8221;1\/2&#8243;][vc_video link=&#8221;https:\/\/player.vimeo.com\/video\/141516321&#8243;][\/vc_column][\/vc_row][vc_row fullwidth=&#8221;true&#8221; fullwidth_content=&#8221;false&#8221; css=&#8221;.vc_custom_1497256898421{padding-top: 50px !important;padding-bottom: 50px !important;}&#8221;][vc_column][vc_custom_heading text=&#8221;Ju\u017c o 2009 roku pomagamy m\u0105drze budowa\u0107 domy.&#8221; font_container=&#8221;tag:h2|font_size:20|text_align:left&#8221; use_theme_fonts=&#8221;yes&#8221;][vc_column_text]Celem akcji \u201eBuduj m\u0105drze\u201d jest propagowanie m\u0105drego zainwestowania w realizacj\u0119 marzenia o posiadaniu w\u0142asnego domu.\u00a0Chcemy, by akcja sta\u0142a si\u0119 drogowskazem i inspiracj\u0105 do budowania. Zach\u0119camy Was do odrzucenia tzw. \u201egotowych projekt\u00f3w\u201d, bo nie ma nic bardziej b\u0142\u0119dnego ni\u017c wiara w tzw. tanie i \u0142atwe budowanie z \u201egotowymi projektami\u201d. Bowiem dop\u00f3ki nie ma konkretu dzia\u0142ki, dop\u00f3ty projekt nie jest gotowy.<\/p>\n<h4>Rusza 8 edycja akcji &#8222;Buduj M\u0105drze&#8221;<\/h4>\n<p>W tej edycji akcji rozprawiamy si\u0119 z lobby najwi\u0119kszych portali sprzedaj\u0105cych gotowe projekty i pokazujemy jak nie wyrzuca\u0107 pieni\u0119dzy w b\u0142oto.<\/p>\n<p>Z punktu widzenia profesjonalnego projektanta najwa\u017cniejsze jest przedstawienie klientowi rzetelnej i obiektywnej informacji. Zw\u0142aszcza , \u017ce inwestycja w dom to cz\u0119sto najwa\u017cniejszy \u017cyciowy projekt i zazwyczaj najbardziej kosztowny.<\/p>\n<h3><\/h3>\n[\/vc_column_text][\/vc_column][\/vc_row][vc_row fullwidth=&#8221;true&#8221; fullwidth_content=&#8221;false&#8221; css=&#8221;.vc_custom_1497256383895{padding-top: 50px !important;background-color: #f7f7f7 !important;}&#8221;][vc_column][vc_custom_heading text=&#8221;Zobacz archiwalny spot z 2014 roku&#8221; font_container=&#8221;tag:h2|font_size:20|text_align:left&#8221; use_theme_fonts=&#8221;yes&#8221;][vc_video link=&#8221;https:\/\/player.vimeo.com\/video\/90169546&#8243;][\/vc_column][\/vc_row][vc_row fullwidth=&#8221;true&#8221; fullwidth_content=&#8221;false&#8221; css=&#8221;.vc_custom_1497007392873{padding-top: 50px !important;padding-bottom: 50px !important;background-color: #e8e8e8 !important;}&#8221;][vc_column][mk_testimonials title=&#8221;Opinie klient\u00f3w&#8221; count=&#8221;5&#8243;][\/vc_column][\/vc_row]\n","protected":false},"excerpt":{"rendered":"<p>[vc_row fullwidth=&#8221;true&#8221; fullwidth_content=&#8221;false&#8221; css=&#8221;.vc_custom_1497256875469{padding-top: 50px !important;padding-bottom: 50px !important;background-color: #f7f7f7 !important;}&#8221;][vc_column width=&#8221;1\/2&#8243;][vc_custom_heading text=&#8221;Kilka s\u0142\u00f3w o pomys\u0142odawcy akcji Buduj M\u0105drze&#8221; font_container=&#8221;tag:h2|font_size:20|text_align:left&#8221; use_theme_fonts=&#8221;yes&#8221;][vc_column_text]Nazywam si\u0119 Wojciech Orenowicz. Jestem architektem. Mam za sob\u0105 wysokobud\u017cetowe inwestycje oraz mniejsze projekty. Posiadam 15 letnie do\u015bwiadczenie poparte licznymi realizacjami z r\u00f3\u017cnych dziedzin projektowania. Podstaw\u0105 mojej pracy jest zrozumienie oczekiwa\u0144 klienta: czego potrzebuje i co [&hellip;]<\/p>\n","protected":false},"author":1,"featured_media":0,"parent":0,"menu_order":0,"comment_status":"closed","ping_status":"closed","template":"","meta":[],"_links":{"self":[{"href":"https:\/\/budujmadrze.pl\/index.php?rest_route=\/wp\/v2\/pages\/27"}],"collection":[{"href":"https:\/\/budujmadrze.pl\/index.php?rest_route=\/wp\/v2\/pages"}],"about":[{"href":"https:\/\/budujmadrze.pl\/index.php?rest_route=\/wp\/v2\/types\/page"}],"author":[{"embeddable":true,"href":"https:\/\/budujmadrze.pl\/index.php?rest_route=\/wp\/v2\/users\/1"}],"replies":[{"embeddable":true,"href":"https:\/\/budujmadrze.pl\/index.php?rest_route=%2Fwp%2Fv2%2Fcomments&post=27"}],"version-history":[{"count":41,"href":"https:\/\/budujmadrze.pl\/index.php?rest_route=\/wp\/v2\/pages\/27\/revisions"}],"predecessor-version":[{"id":365,"href":"https:\/\/budujmadrze.pl\/index.php?rest_route=\/wp\/v2\/pages\/27\/revisions\/365"}],"wp:attachment":[{"href":"https:\/\/budujmadrze.pl\/index.php?rest_route=%2Fwp%2Fv2%2Fmedia&parent=27"}],"curies":[{"name":"wp","href":"https:\/\/api.w.org\/{rel}","templated":true}]}}