{"id":168,"date":"2017-06-08T09:15:19","date_gmt":"2017-06-08T09:15:19","guid":{"rendered":"http:\/\/klimatyzacjakrakow.com.pl\/?page_id=168"},"modified":"2017-06-30T10:31:25","modified_gmt":"2017-06-30T10:31:25","slug":"materialy-video-buduj-madrze-tv","status":"publish","type":"page","link":"https:\/\/budujmadrze.pl\/?page_id=168","title":{"rendered":"Materia\u0142y Video &#8211; Buduj M\u0105drze TV"},"content":{"rendered":"[vc_row][vc_column width=&#8221;2\/3&#8243;][vc_custom_heading text=&#8221;Odcinek 1: Kupno Dzia\u0142ki&#8221; font_container=&#8221;tag:h3|text_align:left&#8221; use_theme_fonts=&#8221;yes&#8221;][vc_video link=&#8221;https:\/\/player.vimeo.com\/video\/48680210&#8243;][vc_empty_space][\/vc_column][vc_column width=&#8221;1\/3&#8243;][vc_empty_space][vc_column_text]W pierwszym odcinku \u201eDziennika Budowy\u201d arch. Wojciech Orenowicz wyja\u015bnia zagadnienia zwi\u0105zane z zakupem dzia\u0142ki. Pokazuje na co warto zwr\u00f3ci\u0107 uwag\u0119, przestrzega przed zakupem dzia\u0142ki\u00a0bez konsultacji ze specjalistami.[\/vc_column_text][\/vc_column][\/vc_row][vc_row fullwidth=&#8221;true&#8221; fullwidth_content=&#8221;false&#8221; css=&#8221;.vc_custom_1498814973263{padding-top: 50px !important;background-color: #e8e8e8 !important;}&#8221;][vc_column width=&#8221;2\/3&#8243;][vc_custom_heading text=&#8221;Odcinek 2: Projekt domu&#8221; font_container=&#8221;tag:h3|text_align:left&#8221; use_theme_fonts=&#8221;yes&#8221;][vc_video link=&#8221;https:\/\/vimeo.com\/50463987&#8243;][vc_empty_space][\/vc_column][vc_column width=&#8221;1\/3&#8243;][vc_empty_space][vc_column_text]Dzi\u015b \u017caden m\u0105dry inwestor nie p\u00f3jdzie na tanie chwyty marketingowe u\u017cywane przez sprzedawc\u00f3w gotowych projekt\u00f3w typu \u201e\u0142adne domki\u201d na zdj\u0119ciach czy wizualizacjach.<\/p>\n<p>Dlatego w tym odcinku \u201eDziennika Budowy\u201d arch. Wojciech Orenowicz m\u00f3wi jak bardzo ryzykowne jest korzystanie z gotowych projekt\u00f3w. Znajdziesz tutaj dok\u0142adne por\u00f3wnanie, czym r\u00f3\u017cni\u0105 si\u0119 projekty gotowe od projekt\u00f3w indywidualnych.[\/vc_column_text][\/vc_column][\/vc_row][vc_row fullwidth=&#8221;true&#8221; fullwidth_content=&#8221;false&#8221; css=&#8221;.vc_custom_1498814931966{padding-top: 50px !important;}&#8221;][vc_column width=&#8221;2\/3&#8243;][vc_custom_heading text=&#8221;Odcinek 3: Etapy projektu&#8221; font_container=&#8221;tag:h3|text_align:left&#8221; use_theme_fonts=&#8221;yes&#8221;][vc_video link=&#8221;https:\/\/vimeo.com\/50561979&#8243;][vc_empty_space][\/vc_column][vc_column width=&#8221;1\/3&#8243;][vc_empty_space][vc_column_text]W tym odcinku \u201eDziennika Budowy\u201d arch. Wojciech Orenowicz opisuje etapy projektowania domu.[\/vc_column_text][\/vc_column][\/vc_row][vc_row fullwidth=&#8221;true&#8221; fullwidth_content=&#8221;false&#8221; css=&#8221;.vc_custom_1498814973263{padding-top: 50px !important;background-color: #e8e8e8 !important;}&#8221;][vc_column width=&#8221;2\/3&#8243;][vc_custom_heading text=&#8221;Odcinek 4: Wolno\u015b\u0107 w swoim domku&#8221; font_container=&#8221;tag:h3|text_align:left&#8221; use_theme_fonts=&#8221;yes&#8221;][vc_video link=&#8221;https:\/\/vimeo.com\/48943394&#8243;][vc_empty_space][\/vc_column][vc_column width=&#8221;1\/3&#8243;][vc_empty_space][vc_column_text]W tym odcinku \u201eDziennika Budowy\u201d arch. Wojciech Orenowicz jedzie na ulic\u0119 Halembsk\u0105 w Rudzie \u015al\u0105skiej. Pokazuje na konkretnym przyk\u0142adzie, jak mo\u017cna zbudowa\u0107 dom m\u0105drze i tanio.<\/p>\n[\/vc_column_text][\/vc_column][\/vc_row][vc_row fullwidth=&#8221;true&#8221; fullwidth_content=&#8221;false&#8221; css=&#8221;.vc_custom_1498814931966{padding-top: 50px !important;}&#8221;][vc_column width=&#8221;2\/3&#8243;][vc_custom_heading text=&#8221;Odcinek 5: Twoje wn\u0119trze&#8221; font_container=&#8221;tag:h3|text_align:left&#8221; use_theme_fonts=&#8221;yes&#8221;][vc_video link=&#8221;https:\/\/vimeo.com\/48804406&#8243;][vc_empty_space][\/vc_column][vc_column width=&#8221;1\/3&#8243;][vc_empty_space][vc_column_text]W tym odcinku \u201eDziennika Budowy\u201d arch. Wojciech Orenowicz demonstruje jak mo\u017cna optymalizowa\u0107 przestrze\u0144 domu.<\/p>\n<p>Pokazuje, \u017ce w jego realizacjach najwa\u017cniejsze jest odpowiednie wykorzystanie przestrzeni przy jednoczesnym zachowaniu r\u00f3wnowagi pomi\u0119dzy funkcjonalno\u015bci\u0105 a estetyk\u0105.<\/p>\n[\/vc_column_text][\/vc_column][\/vc_row]\n","protected":false},"excerpt":{"rendered":"<p>[vc_row][vc_column width=&#8221;2\/3&#8243;][vc_custom_heading text=&#8221;Odcinek 1: Kupno Dzia\u0142ki&#8221; font_container=&#8221;tag:h3|text_align:left&#8221; use_theme_fonts=&#8221;yes&#8221;][vc_video link=&#8221;https:\/\/player.vimeo.com\/video\/48680210&#8243;][vc_empty_space][\/vc_column][vc_column width=&#8221;1\/3&#8243;][vc_empty_space][vc_column_text]W pierwszym odcinku \u201eDziennika Budowy\u201d arch. Wojciech Orenowicz wyja\u015bnia zagadnienia zwi\u0105zane z zakupem dzia\u0142ki. Pokazuje na co warto zwr\u00f3ci\u0107 uwag\u0119, przestrzega przed zakupem dzia\u0142ki\u00a0bez konsultacji ze specjalistami.[\/vc_column_text][\/vc_column][\/vc_row][vc_row fullwidth=&#8221;true&#8221; fullwidth_content=&#8221;false&#8221; css=&#8221;.vc_custom_1498814973263{padding-top: 50px !important;background-color: #e8e8e8 !important;}&#8221;][vc_column width=&#8221;2\/3&#8243;][vc_custom_heading text=&#8221;Odcinek 2: Projekt domu&#8221; font_container=&#8221;tag:h3|text_align:left&#8221; use_theme_fonts=&#8221;yes&#8221;][vc_video link=&#8221;https:\/\/vimeo.com\/50463987&#8243;][vc_empty_space][\/vc_column][vc_column width=&#8221;1\/3&#8243;][vc_empty_space][vc_column_text]Dzi\u015b \u017caden m\u0105dry inwestor [&hellip;]<\/p>\n","protected":false},"author":1,"featured_media":0,"parent":0,"menu_order":0,"comment_status":"closed","ping_status":"closed","template":"","meta":[],"_links":{"self":[{"href":"https:\/\/budujmadrze.pl\/index.php?rest_route=\/wp\/v2\/pages\/168"}],"collection":[{"href":"https:\/\/budujmadrze.pl\/index.php?rest_route=\/wp\/v2\/pages"}],"about":[{"href":"https:\/\/budujmadrze.pl\/index.php?rest_route=\/wp\/v2\/types\/page"}],"author":[{"embeddable":true,"href":"https:\/\/budujmadrze.pl\/index.php?rest_route=\/wp\/v2\/users\/1"}],"replies":[{"embeddable":true,"href":"https:\/\/budujmadrze.pl\/index.php?rest_route=%2Fwp%2Fv2%2Fcomments&post=168"}],"version-history":[{"count":30,"href":"https:\/\/budujmadrze.pl\/index.php?rest_route=\/wp\/v2\/pages\/168\/revisions"}],"predecessor-version":[{"id":520,"href":"https:\/\/budujmadrze.pl\/index.php?rest_route=\/wp\/v2\/pages\/168\/revisions\/520"}],"wp:attachment":[{"href":"https:\/\/budujmadrze.pl\/index.php?rest_route=%2Fwp%2Fv2%2Fmedia&parent=168"}],"curies":[{"name":"wp","href":"https:\/\/api.w.org\/{rel}","templated":true}]}}